{"id":2449,"date":"2023-02-14T11:20:34","date_gmt":"2023-02-14T10:20:34","guid":{"rendered":"https:\/\/www.dmesfont.cat\/?page_id=2449"},"modified":"2023-02-14T11:20:34","modified_gmt":"2023-02-14T10:20:34","slug":"accesibilidad","status":"publish","type":"page","link":"https:\/\/www.dmesfont.cat\/es\/accesibilidad\/","title":{"rendered":"Accesibilidad"},"content":{"rendered":"<div class=\"fusion-fullwidth fullwidth-box fusion-builder-row-1 fusion-flex-container nonhundred-percent-fullwidth non-hundred-percent-height-scrolling\" style=\"--awb-border-radius-top-left:0px;--awb-border-radius-top-right:0px;--awb-border-radius-bottom-right:0px;--awb-border-radius-bottom-left:0px;--awb-flex-wrap:wrap;\" ><div class=\"fusion-builder-row fusion-row fusion-flex-align-items-flex-start fusion-flex-content-wrap\" style=\"max-width:1216.8px;margin-left: calc(-4% \/ 2 );margin-right: calc(-4% \/ 2 );\"><div class=\"fusion-layout-column fusion_builder_column fusion-builder-column-0 fusion_builder_column_1_1 1_1 fusion-flex-column\" style=\"--awb-bg-size:cover;--awb-width-large:100%;--awb-margin-top-large:20px;--awb-spacing-right-large:1.92%;--awb-margin-bottom-large:20px;--awb-spacing-left-large:1.92%;--awb-width-medium:100%;--awb-order-medium:0;--awb-spacing-right-medium:1.92%;--awb-spacing-left-medium:1.92%;--awb-width-small:100%;--awb-order-small:0;--awb-spacing-right-small:1.92%;--awb-spacing-left-small:1.92%;\"><div class=\"fusion-column-wrapper fusion-column-has-shadow fusion-flex-justify-content-flex-start fusion-content-layout-column\"><div class=\"fusion-text fusion-text-1\"><p><strong>Pol\u00edtica de accesibilidad<\/strong><\/p>\n<p>La empresa DAVID FONT ROSELL se ha comprometido a hacer accesible su sitio web de conformidad con el Real Decreto 1112\/2018, de 7 de septiembre, sobre accesibilidad de los sitios web y aplicaciones para dispositivos m\u00f3viles del sector p\u00fablico, o desarrollos financiados desde Europa.<\/p>\n<p>La presente declaraci\u00f3n de accesibilidad se aplica al sitio web\u00a0<a href=\"https:\/\/www.dmesfont.cat\/\">https:\/\/www.dmesfont.cat\/<\/a> \u00a0\u00a0excluyendo los contenidos incrustados provenientes de otros dominios.<\/p>\n<p><strong>Situaci\u00f3n de cumplimiento<\/strong><\/p>\n<p>Este sitio web es Parcialmente conforme con el RD 1112\/2018 debido a la falta de conformidad de los aspectos que se indican a continuaci\u00f3n.<\/p>\n<p><strong>Contenido no accesible<\/strong><\/p>\n<p>El contenido que se recoge a continuaci\u00f3n no es accesible por los siguientes motivos:<\/p>\n<ul>\n<li>Falta de conformidad:\n<ul>\n<li>Puede existir contenido no textual con alternativa textual inadecuada en algunas p\u00e1ginas &#8211; Requisito n\u00famero 9.1.1.1 Contenido no textual de UNE-EN 301549:2022<\/li>\n<li>Puede haber elementos cuyo contraste no sea el suficiente en algunas p\u00e1ginas \u2013 Requisito 9.1.4.3 Contraste UNE-EN 301549:2022<\/li>\n<li>Algunas entradas de datos en formularios, no facilita al usuario su prop\u00f3sito como tipo de dato a introducir &#8211; Requisito n\u00famero 9.1.3.5 Identificar el prop\u00f3sito de la entrada de UNE-EN 301549:2022<\/li>\n<li>Podr\u00edan existir fallos puntuales de edici\u00f3n en alguna p\u00e1gina web.<\/li>\n<\/ul>\n<\/li>\n<li>Carga desproporcionada: No resulta aplicable.<\/li>\n<li>El contenido no entra dentro del \u00e1mbito de la legislaci\u00f3n aplicable.<\/li>\n<\/ul>\n<p>Podr\u00edan existir archivos ofim\u00e1ticos en PDF u otros formatos publicados antes del 20 de septiembre de 2018 que no cumplan en su totalidad todos los requisitos de accesibilidad.<br \/>\nPuede haber contenidos de terceros que no est\u00e9n desarrollados en esta Unidad, ni bajo su control, como archivos ofim\u00e1ticos de diferentes organismos que deban publicarse en este sitio.<\/p>\n<\/div><\/div><\/div><\/div><\/div>\n","protected":false},"excerpt":{"rendered":"","protected":false},"author":1,"featured_media":0,"parent":0,"menu_order":0,"comment_status":"closed","ping_status":"closed","template":"","meta":{"footnotes":""},"class_list":["post-2449","page","type-page","status-publish","hentry"],"yoast_head":"<!-- This site is optimized with the Yoast SEO plugin v27.1.1 - https:\/\/yoast.com\/product\/yoast-seo-wordpress\/ -->\n<title>Accesibilidad - D+FONT COMUNICACI\u00d3 CREATIVA<\/title>\n<meta name=\"robots\" content=\"index, follow, max-snippet:-1, max-image-preview:large, max-video-preview:-1\" \/>\n<link rel=\"canonical\" href=\"https:\/\/www.dmesfont.cat\/es\/accesibilidad\/\" \/>\n<meta property=\"og:locale\" content=\"es_ES\" \/>\n<meta property=\"og:type\" content=\"article\" \/>\n<meta property=\"og:title\" content=\"Accesibilidad - D+FONT COMUNICACI\u00d3 CREATIVA\" \/>\n<meta property=\"og:url\" content=\"https:\/\/www.dmesfont.cat\/es\/accesibilidad\/\" \/>\n<meta property=\"og:site_name\" content=\"D+FONT COMUNICACI\u00d3 CREATIVA\" \/>\n<meta name=\"twitter:card\" content=\"summary_large_image\" \/>\n<script type=\"application\/ld+json\" class=\"yoast-schema-graph\">{\"@context\":\"https:\/\/schema.org\",\"@graph\":[{\"@type\":\"WebPage\",\"@id\":\"https:\/\/www.dmesfont.cat\/es\/accesibilidad\/\",\"url\":\"https:\/\/www.dmesfont.cat\/es\/accesibilidad\/\",\"name\":\"Accesibilidad - D+FONT COMUNICACI\u00d3 CREATIVA\",\"isPartOf\":{\"@id\":\"https:\/\/www.dmesfont.cat\/#website\"},\"datePublished\":\"2023-02-14T10:20:34+00:00\",\"breadcrumb\":{\"@id\":\"https:\/\/www.dmesfont.cat\/es\/accesibilidad\/#breadcrumb\"},\"inLanguage\":\"es\",\"potentialAction\":[{\"@type\":\"ReadAction\",\"target\":[\"https:\/\/www.dmesfont.cat\/es\/accesibilidad\/\"]}]},{\"@type\":\"BreadcrumbList\",\"@id\":\"https:\/\/www.dmesfont.cat\/es\/accesibilidad\/#breadcrumb\",\"itemListElement\":[{\"@type\":\"ListItem\",\"position\":1,\"name\":\"Inici\",\"item\":\"https:\/\/www.dmesfont.cat\/es\/home\/\"},{\"@type\":\"ListItem\",\"position\":2,\"name\":\"Accesibilidad\"}]},{\"@type\":\"WebSite\",\"@id\":\"https:\/\/www.dmesfont.cat\/#website\",\"url\":\"https:\/\/www.dmesfont.cat\/\",\"name\":\"D+FONT COMUNICACI\u00d3 CREATIVA\",\"description\":\"Estudi de disseny gr\u00e0fic a Palafrugell\",\"publisher\":{\"@id\":\"https:\/\/www.dmesfont.cat\/#organization\"},\"potentialAction\":[{\"@type\":\"SearchAction\",\"target\":{\"@type\":\"EntryPoint\",\"urlTemplate\":\"https:\/\/www.dmesfont.cat\/?s={search_term_string}\"},\"query-input\":{\"@type\":\"PropertyValueSpecification\",\"valueRequired\":true,\"valueName\":\"search_term_string\"}}],\"inLanguage\":\"es\"},{\"@type\":\"Organization\",\"@id\":\"https:\/\/www.dmesfont.cat\/#organization\",\"name\":\"D+FONT COMUNICACI\u00d3 CREATIVA\",\"url\":\"https:\/\/www.dmesfont.cat\/\",\"logo\":{\"@type\":\"ImageObject\",\"inLanguage\":\"es\",\"@id\":\"https:\/\/www.dmesfont.cat\/#\/schema\/logo\/image\/\",\"url\":\"https:\/\/www.dmesfont.cat\/wordpress\/wp-content\/uploads\/2021\/03\/logo-dmesfont.png\",\"contentUrl\":\"https:\/\/www.dmesfont.cat\/wordpress\/wp-content\/uploads\/2021\/03\/logo-dmesfont.png\",\"width\":548,\"height\":219,\"caption\":\"D+FONT COMUNICACI\u00d3 CREATIVA\"},\"image\":{\"@id\":\"https:\/\/www.dmesfont.cat\/#\/schema\/logo\/image\/\"},\"sameAs\":[\"https:\/\/www.instagram.com\/dmesfont\/\"]}]}<\/script>\n<!-- \/ Yoast SEO plugin. -->","yoast_head_json":{"title":"Accesibilidad - D+FONT COMUNICACI\u00d3 CREATIVA","robots":{"index":"index","follow":"follow","max-snippet":"max-snippet:-1","max-image-preview":"max-image-preview:large","max-video-preview":"max-video-preview:-1"},"canonical":"https:\/\/www.dmesfont.cat\/es\/accesibilidad\/","og_locale":"es_ES","og_type":"article","og_title":"Accesibilidad - D+FONT COMUNICACI\u00d3 CREATIVA","og_url":"https:\/\/www.dmesfont.cat\/es\/accesibilidad\/","og_site_name":"D+FONT COMUNICACI\u00d3 CREATIVA","twitter_card":"summary_large_image","schema":{"@context":"https:\/\/schema.org","@graph":[{"@type":"WebPage","@id":"https:\/\/www.dmesfont.cat\/es\/accesibilidad\/","url":"https:\/\/www.dmesfont.cat\/es\/accesibilidad\/","name":"Accesibilidad - D+FONT COMUNICACI\u00d3 CREATIVA","isPartOf":{"@id":"https:\/\/www.dmesfont.cat\/#website"},"datePublished":"2023-02-14T10:20:34+00:00","breadcrumb":{"@id":"https:\/\/www.dmesfont.cat\/es\/accesibilidad\/#breadcrumb"},"inLanguage":"es","potentialAction":[{"@type":"ReadAction","target":["https:\/\/www.dmesfont.cat\/es\/accesibilidad\/"]}]},{"@type":"BreadcrumbList","@id":"https:\/\/www.dmesfont.cat\/es\/accesibilidad\/#breadcrumb","itemListElement":[{"@type":"ListItem","position":1,"name":"Inici","item":"https:\/\/www.dmesfont.cat\/es\/home\/"},{"@type":"ListItem","position":2,"name":"Accesibilidad"}]},{"@type":"WebSite","@id":"https:\/\/www.dmesfont.cat\/#website","url":"https:\/\/www.dmesfont.cat\/","name":"D+FONT COMUNICACI\u00d3 CREATIVA","description":"Estudi de disseny gr\u00e0fic a Palafrugell","publisher":{"@id":"https:\/\/www.dmesfont.cat\/#organization"},"potentialAction":[{"@type":"SearchAction","target":{"@type":"EntryPoint","urlTemplate":"https:\/\/www.dmesfont.cat\/?s={search_term_string}"},"query-input":{"@type":"PropertyValueSpecification","valueRequired":true,"valueName":"search_term_string"}}],"inLanguage":"es"},{"@type":"Organization","@id":"https:\/\/www.dmesfont.cat\/#organization","name":"D+FONT COMUNICACI\u00d3 CREATIVA","url":"https:\/\/www.dmesfont.cat\/","logo":{"@type":"ImageObject","inLanguage":"es","@id":"https:\/\/www.dmesfont.cat\/#\/schema\/logo\/image\/","url":"https:\/\/www.dmesfont.cat\/wordpress\/wp-content\/uploads\/2021\/03\/logo-dmesfont.png","contentUrl":"https:\/\/www.dmesfont.cat\/wordpress\/wp-content\/uploads\/2021\/03\/logo-dmesfont.png","width":548,"height":219,"caption":"D+FONT COMUNICACI\u00d3 CREATIVA"},"image":{"@id":"https:\/\/www.dmesfont.cat\/#\/schema\/logo\/image\/"},"sameAs":["https:\/\/www.instagram.com\/dmesfont\/"]}]}},"_links":{"self":[{"href":"https:\/\/www.dmesfont.cat\/es\/wp-json\/wp\/v2\/pages\/2449","targetHints":{"allow":["GET"]}}],"collection":[{"href":"https:\/\/www.dmesfont.cat\/es\/wp-json\/wp\/v2\/pages"}],"about":[{"href":"https:\/\/www.dmesfont.cat\/es\/wp-json\/wp\/v2\/types\/page"}],"author":[{"embeddable":true,"href":"https:\/\/www.dmesfont.cat\/es\/wp-json\/wp\/v2\/users\/1"}],"replies":[{"embeddable":true,"href":"https:\/\/www.dmesfont.cat\/es\/wp-json\/wp\/v2\/comments?post=2449"}],"version-history":[{"count":2,"href":"https:\/\/www.dmesfont.cat\/es\/wp-json\/wp\/v2\/pages\/2449\/revisions"}],"predecessor-version":[{"id":2451,"href":"https:\/\/www.dmesfont.cat\/es\/wp-json\/wp\/v2\/pages\/2449\/revisions\/2451"}],"wp:attachment":[{"href":"https:\/\/www.dmesfont.cat\/es\/wp-json\/wp\/v2\/media?parent=2449"}],"curies":[{"name":"wp","href":"https:\/\/api.w.org\/{rel}","templated":true}]}}