{"id":2139,"date":"2022-12-16T16:00:59","date_gmt":"2022-12-16T15:00:59","guid":{"rendered":"https:\/\/www.dmesfont.cat\/?page_id=2139"},"modified":"2025-01-03T12:37:44","modified_gmt":"2025-01-03T11:37:44","slug":"contacto","status":"publish","type":"page","link":"https:\/\/www.dmesfont.cat\/es\/contacto\/","title":{"rendered":"Contacto"},"content":{"rendered":"<p><div class=\"fusion-fullwidth fullwidth-box fusion-builder-row-1 fusion-flex-container hundred-percent-fullwidth non-hundred-percent-height-scrolling\" style=\"--awb-background-position:left top;--awb-border-sizes-top:0px;--awb-border-sizes-bottom:0px;--awb-border-sizes-left:0px;--awb-border-sizes-right:0px;--awb-border-radius-top-left:0px;--awb-border-radius-top-right:0px;--awb-border-radius-bottom-right:0px;--awb-border-radius-bottom-left:0px;--awb-padding-top:40px;--awb-padding-right:5%;--awb-padding-bottom:10px;--awb-padding-left:5%;--awb-background-color:#cdbda6;--awb-flex-wrap:wrap;\" ><div class=\"fusion-builder-row fusion-row fusion-flex-align-items-stretch fusion-flex-content-wrap\" style=\"width:104% !important;max-width:104% !important;margin-left: calc(-4% \/ 2 );margin-right: calc(-4% \/ 2 );\"><div class=\"fusion-layout-column fusion_builder_column fusion-builder-column-0 fusion_builder_column_1_1 1_1 fusion-flex-column\" style=\"--awb-bg-size:cover;--awb-width-large:100%;--awb-margin-top-large:0px;--awb-spacing-right-large:2.56%;--awb-margin-bottom-large:0px;--awb-spacing-left-large:1.92%;--awb-width-medium:100%;--awb-spacing-right-medium:1.92%;--awb-spacing-left-medium:1.92%;--awb-width-small:100%;--awb-spacing-right-small:1.92%;--awb-spacing-left-small:1.92%;\"><div class=\"fusion-column-wrapper fusion-flex-justify-content-center fusion-content-layout-column\"><div class=\"fusion-title title fusion-title-1 fusion-title-center fusion-title-text fusion-title-size-one\" style=\"--awb-text-color:#ffffff;--awb-font-size:40px;\"><div class=\"title-sep-container title-sep-container-left\"><div class=\"title-sep sep- sep-solid\" style=\"border-color:#e0dede;\"><\/div><\/div><span class=\"awb-title-spacer\"><\/span><h1 class=\"fusion-title-heading title-heading-center fusion-responsive-typography-calculated\" style=\"margin:0;font-size:1em;--fontSize:40;line-height:1;\">Contacto<\/h1><span class=\"awb-title-spacer\"><\/span><div class=\"title-sep-container title-sep-container-right\"><div class=\"title-sep sep- sep-solid\" style=\"border-color:#e0dede;\"><\/div><\/div><\/div><\/div><\/div><\/div><\/div><div class=\"fusion-fullwidth fullwidth-box fusion-builder-row-2 fusion-flex-container nonhundred-percent-fullwidth non-hundred-percent-height-scrolling\" style=\"--awb-border-radius-top-left:0px;--awb-border-radius-top-right:0px;--awb-border-radius-bottom-right:0px;--awb-border-radius-bottom-left:0px;--awb-padding-top:30px;--awb-padding-bottom:0px;--awb-background-color:#f7f7f8;--awb-flex-wrap:wrap;\" ><div class=\"fusion-builder-row fusion-row fusion-flex-align-items-flex-start fusion-flex-content-wrap\" style=\"max-width:1216.8px;margin-left: calc(-4% \/ 2 );margin-right: calc(-4% \/ 2 );\"><div class=\"fusion-layout-column fusion_builder_column fusion-builder-column-1 fusion_builder_column_1_2 1_2 fusion-flex-column\" style=\"--awb-bg-size:cover;--awb-width-large:50%;--awb-margin-top-large:20px;--awb-spacing-right-large:3.84%;--awb-margin-bottom-large:20px;--awb-spacing-left-large:3.84%;--awb-width-medium:100%;--awb-order-medium:0;--awb-spacing-right-medium:1.92%;--awb-spacing-left-medium:1.92%;--awb-width-small:100%;--awb-order-small:0;--awb-spacing-right-small:1.92%;--awb-spacing-left-small:1.92%;\"><div class=\"fusion-column-wrapper fusion-column-has-shadow fusion-flex-justify-content-flex-start fusion-content-layout-column\"><div class=\"fusion-text fusion-text-1 fusion-text-no-margin\" style=\"--awb-font-size:24px;--awb-text-color:#6e2634;--awb-margin-bottom:0px;\"><h2>Contacta con nosotros ahora<\/h2>\n<\/div><div class=\"fusion-separator fusion-has-icon fusion-full-width-sep\" style=\"align-self: flex-start;margin-right:auto;margin-top:3%;margin-bottom:3%;width:100%;max-width:100%;\"><div class=\"fusion-separator-border sep-single sep-solid\" style=\"--awb-height:20px;--awb-amount:20px;--awb-sep-color:#cdbda6;border-color:#cdbda6;border-top-width:1px;\"><\/div><span class=\"icon-wrapper\" style=\"border-color:transparent;font-size:18px;width: 1.75em; height: 1.75em;border-width:1px;padding:1px;margin-top:-0.5px\"><i class=\"icon-spa-heart-solid\" style=\"font-size: inherit;color:#cdbda6;\" aria-hidden=\"true\"><\/i><\/span><div class=\"fusion-separator-border sep-single sep-solid\" style=\"--awb-height:20px;--awb-amount:20px;--awb-sep-color:#cdbda6;border-color:#cdbda6;border-top-width:1px;\"><\/div><\/div><div class=\"fusion-form fusion-form-builder fusion-form-form-wrapper fusion-form-2138\" style=\"--awb-tooltip-text-color:#ffffff;--awb-tooltip-background-color:#333333;\" data-form-id=\"2138\" data-config=\"{&quot;form_id&quot;:2138,&quot;form_post_id&quot;:2138,&quot;post_id&quot;:2139,&quot;form_type&quot;:&quot;ajax&quot;,&quot;confirmation_type&quot;:&quot;message&quot;,&quot;redirect_url&quot;:&quot;&quot;,&quot;redirect_timeout&quot;:&quot;0&quot;,&quot;field_labels&quot;:{&quot;name&quot;:&quot;Nombre&quot;,&quot;email&quot;:&quot;E-mail&quot;,&quot;message&quot;:&quot;Mensaje&quot;,&quot;proteccio_dades&quot;:&quot;&quot;},&quot;field_logics&quot;:{&quot;name&quot;:&quot;&quot;,&quot;email&quot;:&quot;&quot;,&quot;message&quot;:&quot;&quot;,&quot;proteccio_dades&quot;:&quot;&quot;,&quot;submit_1&quot;:&quot;&quot;,&quot;notice_1&quot;:&quot;&quot;},&quot;field_types&quot;:{&quot;name&quot;:&quot;text&quot;,&quot;email&quot;:&quot;email&quot;,&quot;message&quot;:&quot;textarea&quot;,&quot;proteccio_dades&quot;:&quot;checkbox&quot;,&quot;submit_1&quot;:&quot;submit&quot;,&quot;notice_1&quot;:&quot;notice&quot;},&quot;nonce_method&quot;:&quot;ajax&quot;,&quot;form_views&quot;:&quot;ajax&quot;,&quot;form_views_counting&quot;:&quot;all&quot;}\"><form action=\"https:\/\/www.dmesfont.cat\/es\/contacto\/\" method=\"post\" class=\"fusion-form fusion-form-2138\"><div class=\"fusion-fullwidth fullwidth-box fusion-builder-row-2-1 fusion-flex-container nonhundred-percent-fullwidth non-hundred-percent-height-scrolling\" style=\"--awb-border-radius-top-left:0px;--awb-border-radius-top-right:0px;--awb-border-radius-bottom-right:0px;--awb-border-radius-bottom-left:0px;--awb-padding-right:0px;--awb-padding-left:0px;--awb-margin-bottom:0px;--awb-flex-wrap:wrap;\" ><div class=\"fusion-builder-row fusion-row fusion-flex-align-items-flex-start fusion-flex-content-wrap\" style=\"width:104% !important;max-width:104% !important;margin-left: calc(-4% \/ 2 );margin-right: calc(-4% \/ 2 );\"><div class=\"fusion-layout-column fusion_builder_column fusion-builder-column-2 fusion_builder_column_1_1 1_1 fusion-flex-column\" style=\"--awb-bg-size:cover;--awb-width-large:100%;--awb-flex-grow:0;--awb-flex-shrink:0;--awb-margin-top-large:0px;--awb-spacing-right-large:1.92%;--awb-margin-bottom-large:0px;--awb-spacing-left-large:1.92%;--awb-width-medium:100%;--awb-order-medium:0;--awb-flex-grow-medium:0;--awb-flex-shrink-medium:0;--awb-spacing-right-medium:1.92%;--awb-spacing-left-medium:1.92%;--awb-width-small:100%;--awb-order-small:0;--awb-flex-grow-small:0;--awb-flex-shrink-small:0;--awb-spacing-right-small:1.92%;--awb-spacing-left-small:1.92%;\"><div class=\"fusion-column-wrapper fusion-column-has-shadow fusion-flex-justify-content-flex-start fusion-content-layout-column\"><div class=\"fusion-text fusion-text-2 fusion-text-no-margin\"><p><small>*\u00a0 Campos obligatorios<\/small><\/p>\n<\/div><div class=\"fusion-form-field fusion-form-text-field fusion-form-label-above\" style=\"\" data-form-id=\"2138\"><div class=\"fusion-form-label-wrapper\"><label for=\"name\">Nombre <abbr class=\"fusion-form-element-required\" title=\"required\">*<\/abbr><\/label><\/div><input type=\"text\" autocomplete=\"off\" name=\"name\" id=\"name\" value=\"\"  class=\"fusion-form-input\" required=\"true\" aria-required=\"true\" placeholder=\"Nombre y apellidos *\" data-holds-private-data=\"false\" minlength=\"0\"\/><\/div><div class=\"fusion-form-field fusion-form-email-field fusion-form-label-above\" style=\"\" data-form-id=\"2138\"><div class=\"fusion-form-label-wrapper\"><label for=\"email\">E-mail <abbr class=\"fusion-form-element-required\" title=\"required\">*<\/abbr><\/label><\/div><input type=\"email\" autocomplete=\"off\" name=\"email\" id=\"email\" value=\"\"  class=\"fusion-form-input\" required=\"true\" aria-required=\"true\" placeholder=\"Correo electr\u00f3nico *\" data-holds-private-data=\"false\"\/><\/div><div class=\"fusion-form-field fusion-form-textarea-field fusion-form-label-above\" style=\"\" data-form-id=\"2138\"><label for=\"message\">Mensaje<\/label><textarea cols=\"40\" autocomplete=\"off\"  minlength=\"0\"  rows=\"4\" tabindex=\"\" id=\"message\" name=\"message\" class=\"fusion-form-input\" placeholder=\"Comentarios \" data-holds-private-data=\"false\"><\/textarea><\/div><div class=\"fusion-text fusion-text-3\" style=\"--awb-font-size:10px;--awb-line-height:13px;\"><p>Informaci\u00f3n b\u00e1sica sobre protecci\u00f3n de datos<br \/>\n<strong>Responsable<\/strong>: DAVID FONT ROSELL<br \/>\n<strong>Finalidad<\/strong>: Atender vuestras consultas y\/o solicitudes.<br \/>\n<strong>Derechos<\/strong>: Acceder a los datos, rectificarlos y suprimirlos, as\u00ed como otros derechos, tal como se explica en la informaci\u00f3n adicional.<br \/>\n<strong>Informaci\u00f3n adicional<\/strong>: Pod\u00e9is consultar la informaci\u00f3n adicional y detallada sobre protecci\u00f3n de datos en nuestra web, en el apartado Pol\u00edtica de privacidad.<\/p>\n<\/div>\n<div class=\"fusion-form-field fusion-form-checkbox-field fusion-form-label-above\" style=\"\" data-form-id=\"2138\"><fieldset><div class=\"fusion-form-checkbox\"><input tabindex=\"\" id=\"checkbox-proteccio_dades-1-0\" type=\"checkbox\" value=\"He le\u00eddo y acepto la informaci\u00f3n b\u00e1sica de <a href='https:\/\/www.dmesfont.cat\/wordpress\/wp-content\/uploads\/2022\/12\/POLITICA-PRIVACITAT-CAT-1.pdf' target='_blank'>protecci\u00f3n de datos.<\/a>\" name=\"proteccio_dades[]\" class=\"fusion-form-input\" required=\"true\" aria-required=\"true\" data-holds-private-data=\"false\"\/><label for=\"checkbox-proteccio_dades-1-0\">He le\u00eddo y acepto la informaci\u00f3n b\u00e1sica de <a href='https:\/\/www.dmesfont.cat\/wordpress\/wp-content\/uploads\/2022\/12\/POLITICA-PRIVACITAT-CAT-1.pdf' target='_blank'>protecci\u00f3n de datos.<\/a><\/label><\/div><\/fieldset><\/div><div class=\"fusion-form-field fusion-form-submit-field fusion-form-label-above\" style=\"\" data-form-id=\"2138\"><div ><button type=\"submit\" class=\"fusion-button button-flat fusion-button-default-size button-custom fusion-button-default button-1 fusion-button-default-span  button-default form-form-submit\" style=\"--button_bevel_color:#6d091d;--button_accent_color:rgba(255,255,255,0.95);--button_accent_hover_color:#ffffff;--button_border_hover_color:#ffffff;--button_gradient_top_color:#6e2634;--button_gradient_bottom_color:#6e2634;--button_gradient_top_color_hover:#cdbda6;--button_gradient_bottom_color_hover:#cdbda6;--button_margin-bottom:30px;\" data-form-number=\"2138\" tabindex=\"\"><span class=\"fusion-button-text awb-button__text awb-button__text--default\">ENVIAR<\/span><\/button><\/div><\/div><div class=\"form-submission-notices data-notice_1\" id=\"fusion-notices-1\"><div class=\"fusion-alert alert success alert-success fusion-alert-center fusion-form-response fusion-form-response-success fusion-alert-capitalize awb-alert-native-link-color alert-dismissable awb-alert-close-boxed alert-shadow\" role=\"alert\"><div class=\"fusion-alert-content-wrapper\"><span class=\"alert-icon\"><i class=\"awb-icon-check-circle\" aria-hidden=\"true\"><\/i><\/span><span class=\"fusion-alert-content\">Gracias por tu mensaje, nos pondremos en contacto contigo lo m\u00e1s r\u00e1pido posible.<\/span><\/div><button type=\"button\" class=\"close toggle-alert\" data-dismiss=\"alert\" aria-label=\"Close\">&times;<\/button><\/div><div class=\"fusion-alert alert error alert-danger fusion-alert-center fusion-form-response fusion-form-response-error fusion-alert-capitalize awb-alert-native-link-color alert-dismissable awb-alert-close-boxed alert-shadow\" role=\"alert\"><div class=\"fusion-alert-content-wrapper\"><span class=\"alert-icon\"><i class=\"awb-icon-exclamation-triangle\" aria-hidden=\"true\"><\/i><\/span><span class=\"fusion-alert-content\">Ha habido alg\u00fan problema enviando tu mensaje, por favor, vuelve a intentarlo.<\/span><\/div><button type=\"button\" class=\"close toggle-alert\" data-dismiss=\"alert\" aria-label=\"Close\">&times;<\/button><\/div><\/div><\/div><\/div><\/div><\/div><input type=\"hidden\" name=\"fusion_privacy_store_ip_ua\" value=\"false\"><input type=\"hidden\" name=\"fusion_privacy_expiration_interval\" value=\"48\"><input type=\"hidden\" name=\"privacy_expiration_action\" value=\"anonymize\"><\/form><\/div><\/div><\/div><div class=\"fusion-layout-column fusion_builder_column fusion-builder-column-3 fusion_builder_column_1_2 1_2 fusion-flex-column\" style=\"--awb-bg-size:cover;--awb-width-large:50%;--awb-flex-grow:0;--awb-flex-shrink:0;--awb-margin-top-large:20px;--awb-spacing-right-large:3.84%;--awb-margin-bottom-large:20px;--awb-spacing-left-large:3.84%;--awb-width-medium:100%;--awb-order-medium:0;--awb-flex-grow-medium:0;--awb-flex-shrink-medium:0;--awb-spacing-right-medium:1.92%;--awb-spacing-left-medium:1.92%;--awb-width-small:100%;--awb-order-small:0;--awb-flex-grow-small:0;--awb-flex-shrink-small:0;--awb-spacing-right-small:1.92%;--awb-spacing-left-small:1.92%;\"><div class=\"fusion-column-wrapper fusion-column-has-shadow fusion-flex-justify-content-flex-start fusion-content-layout-column\"><div class=\"fusion-text fusion-text-4 fusion-text-no-margin\" style=\"--awb-font-size:24px;--awb-text-color:#6e2634;--awb-margin-bottom:0px;\"><h2>Informaci\u00f3n de contacto<\/h2>\n<\/div><div class=\"fusion-separator fusion-has-icon fusion-full-width-sep\" style=\"align-self: flex-start;margin-right:auto;margin-top:3%;margin-bottom:3%;width:100%;max-width:100%;\"><div class=\"fusion-separator-border sep-single sep-solid\" style=\"--awb-height:20px;--awb-amount:20px;--awb-sep-color:#cdbda6;border-color:#cdbda6;border-top-width:1px;\"><\/div><span class=\"icon-wrapper\" style=\"border-color:transparent;font-size:18px;width: 1.75em; height: 1.75em;border-width:1px;padding:1px;margin-top:-0.5px\"><i class=\"icon-spa-heart-solid\" style=\"font-size: inherit;color:#cdbda6;\" aria-hidden=\"true\"><\/i><\/span><div class=\"fusion-separator-border sep-single sep-solid\" style=\"--awb-height:20px;--awb-amount:20px;--awb-sep-color:#cdbda6;border-color:#cdbda6;border-top-width:1px;\"><\/div><\/div><ul style=\"--awb-line-height:23.8px;--awb-icon-width:23.8px;--awb-icon-height:23.8px;--awb-icon-margin:9.8px;--awb-content-margin:33.6px;\" class=\"fusion-checklist fusion-checklist-1 fusion-checklist-default type-icons\"><li class=\"fusion-li-item\" style=\"\"><span class=\"icon-wrapper circle-no\"><i class=\"fusion-li-icon fa-map-marker-alt fas\" aria-hidden=\"true\"><\/i><\/span><div class=\"fusion-li-item-content\">\n<p><span style=\"color: #6e2634;\">C\/ Ernest Lluch, 35 &#8211; Local<\/span><br \/>\n<span style=\"color: #6e2634;\">17200 Palafrugell (Girona)<\/span><\/p>\n<\/div><\/li><li class=\"fusion-li-item\" style=\"\"><span class=\"icon-wrapper circle-no\"><i class=\"fusion-li-icon fa-phone-alt fas\" aria-hidden=\"true\"><\/i><\/span><div class=\"fusion-li-item-content\">\n<p><a href=\"tel:+34972308790\">972 30 87 90<\/a><\/p>\n<\/div><\/li><li class=\"fusion-li-item\" style=\"\"><span class=\"icon-wrapper circle-no\"><i class=\"fusion-li-icon fa-mobile-alt fas\" aria-hidden=\"true\"><\/i><\/span><div class=\"fusion-li-item-content\">\n<p><a href=\"tel:+34606234424\">606 23 44 24<\/a><\/p>\n<\/div><\/li><li class=\"fusion-li-item\" style=\"\"><span class=\"icon-wrapper circle-no\"><i class=\"fusion-li-icon fa-envelope fas\" aria-hidden=\"true\"><\/i><\/span><div class=\"fusion-li-item-content\">\n<p><a href=\"mailto:info@dmesfont.cat\">info@dmesfont.cat<\/a><\/p>\n<\/div><\/li><li class=\"fusion-li-item\" style=\"\"><span class=\"icon-wrapper circle-no\"><i class=\"fusion-li-icon fa-linkedin fab\" aria-hidden=\"true\"><\/i><\/span><div class=\"fusion-li-item-content\"><a href=\"https:\/\/www.linkedin.com\/in\/david-font-08a01528\/\">David Font<\/a><\/div><\/li><li class=\"fusion-li-item\" style=\"\"><span class=\"icon-wrapper circle-no\"><i class=\"fusion-li-icon fa-instagram-square fab\" aria-hidden=\"true\"><\/i><\/span><div class=\"fusion-li-item-content\"><a href=\"https:\/\/www.instagram.com\/dmesfont\/\">@dmesfont<\/a><\/div><\/li><\/ul><\/div><\/div><\/div><\/div><div class=\"fusion-bg-parallax\" data-bg-align=\"center center\" data-direction=\"left\" data-mute=\"false\" data-opacity=\"100\" data-velocity=\"-0.6\" data-mobile-enabled=\"false\" data-break_parents=\"0\" data-bg-image=\"https:\/\/www.dmesfont.cat\/wordpress\/wp-content\/uploads\/2022\/12\/CONTACTE.jpg\" data-bg-repeat=\"false\" ><\/div><div class=\"fusion-fullwidth fullwidth-box fusion-builder-row-3 fusion-flex-container fusion-parallax-left nonhundred-percent-fullwidth non-hundred-percent-height-scrolling lazyload\" style=\"--awb-border-sizes-top:0px;--awb-border-sizes-bottom:0px;--awb-border-sizes-left:0px;--awb-border-sizes-right:0px;--awb-border-radius-top-left:0px;--awb-border-radius-top-right:0px;--awb-border-radius-bottom-right:0px;--awb-border-radius-bottom-left:0px;--awb-padding-top:350px;--awb-padding-bottom:350px;--awb-background-size:cover;--awb-flex-wrap:wrap;\" data-bg=\"https:\/\/www.dmesfont.cat\/wordpress\/wp-content\/uploads\/2022\/12\/CONTACTE.jpg\" ><div class=\"fusion-builder-row fusion-row fusion-flex-align-items-stretch fusion-flex-content-wrap\" style=\"max-width:1216.8px;margin-left: calc(-4% \/ 2 );margin-right: calc(-4% \/ 2 );\"><\/div><\/div><\/p>\n","protected":false},"excerpt":{"rendered":"","protected":false},"author":1,"featured_media":0,"parent":0,"menu_order":0,"comment_status":"closed","ping_status":"closed","template":"100-width.php","meta":{"footnotes":""},"class_list":["post-2139","page","type-page","status-publish","hentry"],"yoast_head":"<!-- This site is optimized with the Yoast SEO plugin v27.1.1 - https:\/\/yoast.com\/product\/yoast-seo-wordpress\/ -->\n<title>Contacto - D+FONT COMUNICACI\u00d3 CREATIVA<\/title>\n<meta name=\"robots\" content=\"index, follow, max-snippet:-1, max-image-preview:large, max-video-preview:-1\" \/>\n<link rel=\"canonical\" href=\"https:\/\/www.dmesfont.cat\/es\/contacto\/\" \/>\n<meta property=\"og:locale\" content=\"es_ES\" \/>\n<meta property=\"og:type\" content=\"article\" \/>\n<meta property=\"og:title\" content=\"Contacto - D+FONT COMUNICACI\u00d3 CREATIVA\" \/>\n<meta property=\"og:url\" content=\"https:\/\/www.dmesfont.cat\/es\/contacto\/\" \/>\n<meta property=\"og:site_name\" content=\"D+FONT COMUNICACI\u00d3 CREATIVA\" \/>\n<meta property=\"article:modified_time\" content=\"2025-01-03T11:37:44+00:00\" \/>\n<meta name=\"twitter:card\" content=\"summary_large_image\" \/>\n<meta name=\"twitter:label1\" content=\"Tiempo de lectura\" \/>\n\t<meta name=\"twitter:data1\" content=\"5 minutos\" \/>\n<script type=\"application\/ld+json\" class=\"yoast-schema-graph\">{\"@context\":\"https:\/\/schema.org\",\"@graph\":[{\"@type\":\"WebPage\",\"@id\":\"https:\/\/www.dmesfont.cat\/es\/contacto\/\",\"url\":\"https:\/\/www.dmesfont.cat\/es\/contacto\/\",\"name\":\"Contacto - D+FONT COMUNICACI\u00d3 CREATIVA\",\"isPartOf\":{\"@id\":\"https:\/\/www.dmesfont.cat\/#website\"},\"datePublished\":\"2022-12-16T15:00:59+00:00\",\"dateModified\":\"2025-01-03T11:37:44+00:00\",\"breadcrumb\":{\"@id\":\"https:\/\/www.dmesfont.cat\/es\/contacto\/#breadcrumb\"},\"inLanguage\":\"es\",\"potentialAction\":[{\"@type\":\"ReadAction\",\"target\":[\"https:\/\/www.dmesfont.cat\/es\/contacto\/\"]}]},{\"@type\":\"BreadcrumbList\",\"@id\":\"https:\/\/www.dmesfont.cat\/es\/contacto\/#breadcrumb\",\"itemListElement\":[{\"@type\":\"ListItem\",\"position\":1,\"name\":\"Inici\",\"item\":\"https:\/\/www.dmesfont.cat\/es\/home\/\"},{\"@type\":\"ListItem\",\"position\":2,\"name\":\"Contacto\"}]},{\"@type\":\"WebSite\",\"@id\":\"https:\/\/www.dmesfont.cat\/#website\",\"url\":\"https:\/\/www.dmesfont.cat\/\",\"name\":\"D+FONT COMUNICACI\u00d3 CREATIVA\",\"description\":\"Estudi de disseny gr\u00e0fic a Palafrugell\",\"publisher\":{\"@id\":\"https:\/\/www.dmesfont.cat\/#organization\"},\"potentialAction\":[{\"@type\":\"SearchAction\",\"target\":{\"@type\":\"EntryPoint\",\"urlTemplate\":\"https:\/\/www.dmesfont.cat\/?s={search_term_string}\"},\"query-input\":{\"@type\":\"PropertyValueSpecification\",\"valueRequired\":true,\"valueName\":\"search_term_string\"}}],\"inLanguage\":\"es\"},{\"@type\":\"Organization\",\"@id\":\"https:\/\/www.dmesfont.cat\/#organization\",\"name\":\"D+FONT COMUNICACI\u00d3 CREATIVA\",\"url\":\"https:\/\/www.dmesfont.cat\/\",\"logo\":{\"@type\":\"ImageObject\",\"inLanguage\":\"es\",\"@id\":\"https:\/\/www.dmesfont.cat\/#\/schema\/logo\/image\/\",\"url\":\"https:\/\/www.dmesfont.cat\/wordpress\/wp-content\/uploads\/2021\/03\/logo-dmesfont.png\",\"contentUrl\":\"https:\/\/www.dmesfont.cat\/wordpress\/wp-content\/uploads\/2021\/03\/logo-dmesfont.png\",\"width\":548,\"height\":219,\"caption\":\"D+FONT COMUNICACI\u00d3 CREATIVA\"},\"image\":{\"@id\":\"https:\/\/www.dmesfont.cat\/#\/schema\/logo\/image\/\"},\"sameAs\":[\"https:\/\/www.instagram.com\/dmesfont\/\"]}]}<\/script>\n<!-- \/ Yoast SEO plugin. -->","yoast_head_json":{"title":"Contacto - D+FONT COMUNICACI\u00d3 CREATIVA","robots":{"index":"index","follow":"follow","max-snippet":"max-snippet:-1","max-image-preview":"max-image-preview:large","max-video-preview":"max-video-preview:-1"},"canonical":"https:\/\/www.dmesfont.cat\/es\/contacto\/","og_locale":"es_ES","og_type":"article","og_title":"Contacto - D+FONT COMUNICACI\u00d3 CREATIVA","og_url":"https:\/\/www.dmesfont.cat\/es\/contacto\/","og_site_name":"D+FONT COMUNICACI\u00d3 CREATIVA","article_modified_time":"2025-01-03T11:37:44+00:00","twitter_card":"summary_large_image","twitter_misc":{"Tiempo de lectura":"5 minutos"},"schema":{"@context":"https:\/\/schema.org","@graph":[{"@type":"WebPage","@id":"https:\/\/www.dmesfont.cat\/es\/contacto\/","url":"https:\/\/www.dmesfont.cat\/es\/contacto\/","name":"Contacto - D+FONT COMUNICACI\u00d3 CREATIVA","isPartOf":{"@id":"https:\/\/www.dmesfont.cat\/#website"},"datePublished":"2022-12-16T15:00:59+00:00","dateModified":"2025-01-03T11:37:44+00:00","breadcrumb":{"@id":"https:\/\/www.dmesfont.cat\/es\/contacto\/#breadcrumb"},"inLanguage":"es","potentialAction":[{"@type":"ReadAction","target":["https:\/\/www.dmesfont.cat\/es\/contacto\/"]}]},{"@type":"BreadcrumbList","@id":"https:\/\/www.dmesfont.cat\/es\/contacto\/#breadcrumb","itemListElement":[{"@type":"ListItem","position":1,"name":"Inici","item":"https:\/\/www.dmesfont.cat\/es\/home\/"},{"@type":"ListItem","position":2,"name":"Contacto"}]},{"@type":"WebSite","@id":"https:\/\/www.dmesfont.cat\/#website","url":"https:\/\/www.dmesfont.cat\/","name":"D+FONT COMUNICACI\u00d3 CREATIVA","description":"Estudi de disseny gr\u00e0fic a Palafrugell","publisher":{"@id":"https:\/\/www.dmesfont.cat\/#organization"},"potentialAction":[{"@type":"SearchAction","target":{"@type":"EntryPoint","urlTemplate":"https:\/\/www.dmesfont.cat\/?s={search_term_string}"},"query-input":{"@type":"PropertyValueSpecification","valueRequired":true,"valueName":"search_term_string"}}],"inLanguage":"es"},{"@type":"Organization","@id":"https:\/\/www.dmesfont.cat\/#organization","name":"D+FONT COMUNICACI\u00d3 CREATIVA","url":"https:\/\/www.dmesfont.cat\/","logo":{"@type":"ImageObject","inLanguage":"es","@id":"https:\/\/www.dmesfont.cat\/#\/schema\/logo\/image\/","url":"https:\/\/www.dmesfont.cat\/wordpress\/wp-content\/uploads\/2021\/03\/logo-dmesfont.png","contentUrl":"https:\/\/www.dmesfont.cat\/wordpress\/wp-content\/uploads\/2021\/03\/logo-dmesfont.png","width":548,"height":219,"caption":"D+FONT COMUNICACI\u00d3 CREATIVA"},"image":{"@id":"https:\/\/www.dmesfont.cat\/#\/schema\/logo\/image\/"},"sameAs":["https:\/\/www.instagram.com\/dmesfont\/"]}]}},"_links":{"self":[{"href":"https:\/\/www.dmesfont.cat\/es\/wp-json\/wp\/v2\/pages\/2139","targetHints":{"allow":["GET"]}}],"collection":[{"href":"https:\/\/www.dmesfont.cat\/es\/wp-json\/wp\/v2\/pages"}],"about":[{"href":"https:\/\/www.dmesfont.cat\/es\/wp-json\/wp\/v2\/types\/page"}],"author":[{"embeddable":true,"href":"https:\/\/www.dmesfont.cat\/es\/wp-json\/wp\/v2\/users\/1"}],"replies":[{"embeddable":true,"href":"https:\/\/www.dmesfont.cat\/es\/wp-json\/wp\/v2\/comments?post=2139"}],"version-history":[{"count":4,"href":"https:\/\/www.dmesfont.cat\/es\/wp-json\/wp\/v2\/pages\/2139\/revisions"}],"predecessor-version":[{"id":2600,"href":"https:\/\/www.dmesfont.cat\/es\/wp-json\/wp\/v2\/pages\/2139\/revisions\/2600"}],"wp:attachment":[{"href":"https:\/\/www.dmesfont.cat\/es\/wp-json\/wp\/v2\/media?parent=2139"}],"curies":[{"name":"wp","href":"https:\/\/api.w.org\/{rel}","templated":true}]}}